{"id":17,"date":"2018-02-09T19:06:12","date_gmt":"2018-02-09T19:06:12","guid":{"rendered":"https:\/\/quatrefoilcollective.pt\/?page_id=17"},"modified":"2021-12-22T18:05:16","modified_gmt":"2021-12-22T18:05:16","slug":"sobre","status":"publish","type":"page","link":"https:\/\/quatrefoilcollective.pt\/?page_id=17","title":{"rendered":"sobre"},"content":{"rendered":"<p>a equipa multidisciplinar que integra a QUATREFOIL COLLECTIVE, possui um conhecimento adquirido ao longo de mais de 25 anos de actividade ininterrupta, resultado de sinergias rigorosamente programadas para a obten\u00e7\u00e3o de resultados e para a solu\u00e7\u00e3o dos desafios colocados pelos clientes e por n\u00f3s pr\u00f3prios.<\/p>\n<p>a QUATREFOIL COLLECTIVE colabora com os seus clientes nas diversas \u00e1reas como a arquitectura e engenharia, consultoria, avalia\u00e7\u00f5es e an\u00e1lises t\u00e9cnicas, design e fotografia, actividades dos s\u00edtios e monumentos hist\u00f3ricos, promo\u00e7\u00e3o imobili\u00e1ria e constru\u00e7\u00e3o, actividade de alojamento tur\u00edstico.<\/p>\n","protected":false},"excerpt":{"rendered":"<p>a equipa multidisciplinar que integra a QUATREFOIL COLLECTIVE, possui um conhecimento adquirido ao longo de mais de 25 anos de actividade ininterrupta, resultado de sinergias rigorosamente programadas para a obten\u00e7\u00e3o de resultados e para a solu\u00e7\u00e3o dos desafios colocados pelos clientes e por n\u00f3s pr\u00f3prios. a QUATREFOIL COLLECTIVE colabora com os seus clientes nas diversas &hellip; <\/p>\n<p class=\"link-more\"><a href=\"https:\/\/quatrefoilcollective.pt\/?page_id=17\" class=\"more-link\">Continuar a ler <span class=\"screen-reader-text\">&#8220;sobre&#8221;<\/span><\/a><\/p>\n","protected":false},"author":1,"featured_media":67,"parent":0,"menu_order":2,"comment_status":"closed","ping_status":"closed","template":"","meta":[],"_links":{"self":[{"href":"https:\/\/quatrefoilcollective.pt\/index.php?rest_route=\/wp\/v2\/pages\/17"}],"collection":[{"href":"https:\/\/quatrefoilcollective.pt\/index.php?rest_route=\/wp\/v2\/pages"}],"about":[{"href":"https:\/\/quatrefoilcollective.pt\/index.php?rest_route=\/wp\/v2\/types\/page"}],"author":[{"embeddable":true,"href":"https:\/\/quatrefoilcollective.pt\/index.php?rest_route=\/wp\/v2\/users\/1"}],"replies":[{"embeddable":true,"href":"https:\/\/quatrefoilcollective.pt\/index.php?rest_route=%2Fwp%2Fv2%2Fcomments&post=17"}],"version-history":[{"count":4,"href":"https:\/\/quatrefoilcollective.pt\/index.php?rest_route=\/wp\/v2\/pages\/17\/revisions"}],"predecessor-version":[{"id":91,"href":"https:\/\/quatrefoilcollective.pt\/index.php?rest_route=\/wp\/v2\/pages\/17\/revisions\/91"}],"wp:featuredmedia":[{"embeddable":true,"href":"https:\/\/quatrefoilcollective.pt\/index.php?rest_route=\/wp\/v2\/media\/67"}],"wp:attachment":[{"href":"https:\/\/quatrefoilcollective.pt\/index.php?rest_route=%2Fwp%2Fv2%2Fmedia&parent=17"}],"curies":[{"name":"wp","href":"https:\/\/api.w.org\/{rel}","templated":true}]}}